{"id":173,"date":"2021-12-20T13:49:30","date_gmt":"2021-12-20T10:49:30","guid":{"rendered":"https:\/\/www.parlautam.com\/en\/?page_id=173"},"modified":"2022-02-11T17:10:51","modified_gmt":"2022-02-11T14:10:51","slug":"partners","status":"publish","type":"page","link":"https:\/\/www.parlautam.com\/en\/partners\/","title":{"rendered":"Partners"},"content":{"rendered":"\t\t<div data-elementor-type=\"wp-page\" data-elementor-id=\"173\" class=\"elementor elementor-173\">\n\t\t\t\t\t\t\t\t\t<section class=\"elementor-section elementor-top-section elementor-element elementor-element-aa02be0 elementor-section-stretched elementor-section-boxed elementor-section-height-default elementor-section-height-default\" data-id=\"aa02be0\" data-element_type=\"section\" data-settings=\"{&quot;stretch_section&quot;:&quot;section-stretched&quot;,&quot;background_background&quot;:&quot;classic&quot;}\">\n\t\t\t\t\t\t\t<div class=\"elementor-background-overlay\"><\/div>\n\t\t\t\t\t\t\t<div class=\"elementor-container elementor-column-gap-default\">\n\t\t\t\t\t<div class=\"elementor-column elementor-col-100 elementor-top-column elementor-element elementor-element-7ea4ebd\" data-id=\"7ea4ebd\" data-element_type=\"column\">\n\t\t\t<div class=\"elementor-widget-wrap elementor-element-populated\">\n\t\t\t\t\t\t\t\t<div class=\"elementor-element elementor-element-d528020 elementor-widget elementor-widget-heading\" data-id=\"d528020\" data-element_type=\"widget\" data-widget_type=\"heading.default\">\n\t\t\t\t<div class=\"elementor-widget-container\">\n\t\t\t<h1 class=\"elementor-heading-title elementor-size-default\">Partners<\/h1>\t\t<\/div>\n\t\t\t\t<\/div>\n\t\t\t\t\t<\/div>\n\t\t<\/div>\n\t\t\t\t\t\t\t<\/div>\n\t\t<\/section>\n\t\t\t\t<section class=\"elementor-section elementor-top-section elementor-element elementor-element-8973f3a elementor-section-boxed elementor-section-height-default elementor-section-height-default\" data-id=\"8973f3a\" data-element_type=\"section\">\n\t\t\t\t\t\t<div class=\"elementor-container elementor-column-gap-default\">\n\t\t\t\t\t<div class=\"elementor-column elementor-col-100 elementor-top-column elementor-element elementor-element-2bc270c\" data-id=\"2bc270c\" data-element_type=\"column\">\n\t\t\t<div class=\"elementor-widget-wrap elementor-element-populated\">\n\t\t\t\t\t\t\t\t<div class=\"elementor-element elementor-element-caa427b elementor-widget elementor-widget-the7_elements\" data-id=\"caa427b\" data-element_type=\"widget\" data-widget_type=\"the7_elements.default\">\n\t\t\t\t<div class=\"elementor-widget-container\">\n\t\t\t<div class=\"portfolio-shortcode the7-elementor-widget the7_elements-caa427b mode-grid dt-css-grid-wrap classic-layout-list description-under-image quick-scale-img meta-info-off content-bg-on resize-by-browser-width loading-effect-fade-in jquery-filter\" data-padding=\"30px\" data-mobile-columns-num=\"1\" data-tablet-columns-num=\"2\" data-desktop-columns-num=\"3\" data-wide-desktop-columns-num=\"3\" data-post-limit=\"-1\" data-pagination-mode=\"none\" data-scroll-offset=\"\"><div class=\"dt-css-grid custom-pagination-handler\"><div class=\"visible wf-cell\" data-post-id=\"88\" data-date=\"2021-12-17T13:38:12+03:00\" data-name=\"Av. Arb. Yavuz Selim G\u00fcnay\"><article class=\"post visible post-88 dt_team type-dt_team status-publish has-post-thumbnail hentry\" data-name=\"Av. Arb. Yavuz Selim G\u00fcnay\" data-date=\"2021-12-17T13:38:12+03:00\">\n\n\t<div class=\"post-thumbnail-wrap \">\n\t\t<div class=\"post-thumbnail\">\n\n\t\t\t<a href=\"https:\/\/www.parlautam.com\/en\/team\/av-arb-yavuz-selim-gunay\/\" class=\"post-thumbnail-rollover layzr-bg\" aria-label=\"Post image\"><img loading=\"lazy\" decoding=\"async\" class=\"preload-me lazy-load\" src=\"data:image\/svg+xml,%3Csvg%20xmlns%3D&#39;http%3A%2F%2Fwww.w3.org%2F2000%2Fsvg&#39;%20viewBox%3D&#39;0%200%20500%20500&#39;%2F%3E\" data-src=\"https:\/\/www.parlautam.com\/en\/wp-content\/uploads\/2021\/12\/yselimgunay.jpg\" data-srcset=\"https:\/\/www.parlautam.com\/en\/wp-content\/uploads\/2021\/12\/yselimgunay.jpg 500w\" alt=\"\" title=\"yselimgunay\" width=\"500\" height=\"500\"  \/><\/a>\n\t\t<\/div>\n\t<\/div>\n\n\n<div class=\"post-entry-content\">\n\n\t<h4 class=\"ele-entry-title\"><a href=\"https:\/\/www.parlautam.com\/en\/team\/av-arb-yavuz-selim-gunay\/\" title=\"Av. Arb. Yavuz Selim G\u00fcnay\" rel=\"bookmark\">Av. Arb. Yavuz Selim G\u00fcnay<\/a><\/h4>\n<\/div><\/article><\/div><div class=\"visible wf-cell\" data-post-id=\"97\" data-date=\"2021-12-17T14:06:03+03:00\" data-name=\"Arb. Do\u00e7. Dr. Ersin Erdo\u011fan\"><article class=\"post visible post-97 dt_team type-dt_team status-publish has-post-thumbnail hentry\" data-name=\"Arb. Do\u00e7. Dr. Ersin Erdo\u011fan\" data-date=\"2021-12-17T14:06:03+03:00\">\n\n\t<div class=\"post-thumbnail-wrap \">\n\t\t<div class=\"post-thumbnail\">\n\n\t\t\t<a href=\"https:\/\/www.parlautam.com\/en\/team\/arb-doc-dr-ersin-erdogan\/\" class=\"post-thumbnail-rollover layzr-bg\" aria-label=\"Post image\"><img loading=\"lazy\" decoding=\"async\" class=\"preload-me lazy-load\" src=\"data:image\/svg+xml,%3Csvg%20xmlns%3D&#39;http%3A%2F%2Fwww.w3.org%2F2000%2Fsvg&#39;%20viewBox%3D&#39;0%200%20500%20500&#39;%2F%3E\" data-src=\"https:\/\/www.parlautam.com\/en\/wp-content\/uploads\/2021\/12\/eerdogan.jpg\" data-srcset=\"https:\/\/www.parlautam.com\/en\/wp-content\/uploads\/2021\/12\/eerdogan.jpg 500w\" alt=\"\" title=\"eerdogan\" width=\"500\" height=\"500\"  \/><\/a>\n\t\t<\/div>\n\t<\/div>\n\n\n<div class=\"post-entry-content\">\n\n\t<h4 class=\"ele-entry-title\"><a href=\"https:\/\/www.parlautam.com\/en\/team\/arb-doc-dr-ersin-erdogan\/\" title=\"Arb. Do\u00e7. Dr. Ersin Erdo\u011fan\" rel=\"bookmark\">Arb. Do\u00e7. Dr. Ersin Erdo\u011fan<\/a><\/h4>\n<\/div><\/article><\/div><div class=\"visible wf-cell\" data-post-id=\"106\" data-date=\"2021-12-17T14:07:58+03:00\" data-name=\"Arb. Do\u00e7. Dr. Musa Ayg\u00fcl\"><article class=\"post visible post-106 dt_team type-dt_team status-publish has-post-thumbnail hentry\" data-name=\"Arb. Do\u00e7. Dr. Musa Ayg\u00fcl\" data-date=\"2021-12-17T14:07:58+03:00\">\n\n\t<div class=\"post-thumbnail-wrap \">\n\t\t<div class=\"post-thumbnail\">\n\n\t\t\t<a href=\"https:\/\/www.parlautam.com\/en\/team\/arb-doc-dr-musa-aygul\/\" class=\"post-thumbnail-rollover layzr-bg\" aria-label=\"Post image\"><img loading=\"lazy\" decoding=\"async\" class=\"preload-me lazy-load\" src=\"data:image\/svg+xml,%3Csvg%20xmlns%3D&#39;http%3A%2F%2Fwww.w3.org%2F2000%2Fsvg&#39;%20viewBox%3D&#39;0%200%20500%20500&#39;%2F%3E\" data-src=\"https:\/\/www.parlautam.com\/en\/wp-content\/uploads\/2021\/12\/musaaygul.jpg\" data-srcset=\"https:\/\/www.parlautam.com\/en\/wp-content\/uploads\/2021\/12\/musaaygul.jpg 500w\" alt=\"\" title=\"musaaygul\" width=\"500\" height=\"500\"  \/><\/a>\n\t\t<\/div>\n\t<\/div>\n\n\n<div class=\"post-entry-content\">\n\n\t<h4 class=\"ele-entry-title\"><a href=\"https:\/\/www.parlautam.com\/en\/team\/arb-doc-dr-musa-aygul\/\" title=\"Arb. Do\u00e7. Dr. Musa Ayg\u00fcl\" rel=\"bookmark\">Arb. Do\u00e7. Dr. Musa Ayg\u00fcl<\/a><\/h4>\n<\/div><\/article><\/div><div class=\"visible wf-cell\" data-post-id=\"109\" data-date=\"2021-12-17T14:08:33+03:00\" data-name=\"Arb. Dr. Canan Erdo\u011fan\"><article class=\"post visible post-109 dt_team type-dt_team status-publish has-post-thumbnail hentry\" data-name=\"Arb. Dr. Canan Erdo\u011fan\" data-date=\"2021-12-17T14:08:33+03:00\">\n\n\t<div class=\"post-thumbnail-wrap \">\n\t\t<div class=\"post-thumbnail\">\n\n\t\t\t<a href=\"https:\/\/www.parlautam.com\/en\/team\/arb-dr-canan-erdogan\/\" class=\"post-thumbnail-rollover layzr-bg\" aria-label=\"Post image\"><img loading=\"lazy\" decoding=\"async\" class=\"preload-me lazy-load\" src=\"data:image\/svg+xml,%3Csvg%20xmlns%3D&#39;http%3A%2F%2Fwww.w3.org%2F2000%2Fsvg&#39;%20viewBox%3D&#39;0%200%20500%20500&#39;%2F%3E\" data-src=\"https:\/\/www.parlautam.com\/en\/wp-content\/uploads\/2021\/12\/cananerdogan.jpg\" data-srcset=\"https:\/\/www.parlautam.com\/en\/wp-content\/uploads\/2021\/12\/cananerdogan.jpg 500w\" alt=\"\" title=\"cananerdogan\" width=\"500\" height=\"500\"  \/><\/a>\n\t\t<\/div>\n\t<\/div>\n\n\n<div class=\"post-entry-content\">\n\n\t<h4 class=\"ele-entry-title\"><a href=\"https:\/\/www.parlautam.com\/en\/team\/arb-dr-canan-erdogan\/\" title=\"Arb. Dr. Canan Erdo\u011fan\" rel=\"bookmark\">Arb. Dr. Canan Erdo\u011fan<\/a><\/h4>\n<\/div><\/article><\/div><div class=\"visible wf-cell\" data-post-id=\"111\" data-date=\"2021-12-17T14:08:58+03:00\" data-name=\"Arb. Dr. Belk\u0131s Vural \u00c7elenk\"><article class=\"post visible post-111 dt_team type-dt_team status-publish has-post-thumbnail hentry\" data-name=\"Arb. Dr. Belk\u0131s Vural \u00c7elenk\" data-date=\"2021-12-17T14:08:58+03:00\">\n\n\t<div class=\"post-thumbnail-wrap \">\n\t\t<div class=\"post-thumbnail\">\n\n\t\t\t<a href=\"https:\/\/www.parlautam.com\/en\/team\/arb-dr-belkis-vural-celenk\/\" class=\"post-thumbnail-rollover layzr-bg\" aria-label=\"Post image\"><img loading=\"lazy\" decoding=\"async\" class=\"preload-me lazy-load\" src=\"data:image\/svg+xml,%3Csvg%20xmlns%3D&#39;http%3A%2F%2Fwww.w3.org%2F2000%2Fsvg&#39;%20viewBox%3D&#39;0%200%20500%20500&#39;%2F%3E\" data-src=\"https:\/\/www.parlautam.com\/en\/wp-content\/uploads\/2021\/12\/belkisvuralcelenk.jpg\" data-srcset=\"https:\/\/www.parlautam.com\/en\/wp-content\/uploads\/2021\/12\/belkisvuralcelenk.jpg 500w\" alt=\"\" title=\"belkisvuralcelenk\" width=\"500\" height=\"500\"  \/><\/a>\n\t\t<\/div>\n\t<\/div>\n\n\n<div class=\"post-entry-content\">\n\n\t<h4 class=\"ele-entry-title\"><a href=\"https:\/\/www.parlautam.com\/en\/team\/arb-dr-belkis-vural-celenk\/\" title=\"Arb. Dr. Belk\u0131s Vural \u00c7elenk\" rel=\"bookmark\">Arb. Dr. Belk\u0131s Vural \u00c7elenk<\/a><\/h4>\n<\/div><\/article><\/div><\/div><!-- iso-container|iso-grid --><\/div>\t\t<\/div>\n\t\t\t\t<\/div>\n\t\t\t\t\t<\/div>\n\t\t<\/div>\n\t\t\t\t\t\t\t<\/div>\n\t\t<\/section>\n\t\t\t\t\t\t\t<\/div>\n\t\t","protected":false},"excerpt":{"rendered":"<p>Partners Av. Arb. Yavuz Selim G\u00fcnay Arb. Do\u00e7. Dr. Ersin Erdo\u011fan Arb. Do\u00e7. Dr. Musa Ayg\u00fcl Arb. Dr. Canan Erdo\u011fan Arb. Dr. Belk\u0131s Vural \u00c7elenk<\/p>\n","protected":false},"author":1,"featured_media":0,"parent":0,"menu_order":0,"comment_status":"closed","ping_status":"closed","template":"","meta":{"inline_featured_image":false,"footnotes":""},"class_list":["post-173","page","type-page","status-publish","hentry"],"_links":{"self":[{"href":"https:\/\/www.parlautam.com\/en\/wp-json\/wp\/v2\/pages\/173","targetHints":{"allow":["GET"]}}],"collection":[{"href":"https:\/\/www.parlautam.com\/en\/wp-json\/wp\/v2\/pages"}],"about":[{"href":"https:\/\/www.parlautam.com\/en\/wp-json\/wp\/v2\/types\/page"}],"author":[{"embeddable":true,"href":"https:\/\/www.parlautam.com\/en\/wp-json\/wp\/v2\/users\/1"}],"replies":[{"embeddable":true,"href":"https:\/\/www.parlautam.com\/en\/wp-json\/wp\/v2\/comments?post=173"}],"version-history":[{"count":4,"href":"https:\/\/www.parlautam.com\/en\/wp-json\/wp\/v2\/pages\/173\/revisions"}],"predecessor-version":[{"id":414,"href":"https:\/\/www.parlautam.com\/en\/wp-json\/wp\/v2\/pages\/173\/revisions\/414"}],"wp:attachment":[{"href":"https:\/\/www.parlautam.com\/en\/wp-json\/wp\/v2\/media?parent=173"}],"curies":[{"name":"wp","href":"https:\/\/api.w.org\/{rel}","templated":true}]}}